{"id":258,"date":"2018-01-22T10:17:40","date_gmt":"2018-01-22T14:17:40","guid":{"rendered":"http:\/\/ayuntamiento.o\/transparencia\/?page_id=258"},"modified":"2025-03-10T15:21:10","modified_gmt":"2025-03-10T19:21:10","slug":"responsable-de-acceso-a-la-informacion","status":"publish","type":"page","link":"https:\/\/ayuntamientolasterrenas.gob.do\/transparencia\/responsable-de-acceso-a-la-informacion\/","title":{"rendered":"Responsable de Acceso a la Informaci\u00f3n"},"content":{"rendered":"<p>El RAI es el encargado del manejo de la Oficina de Acceso a la Informaci\u00f3n P\u00fablica de conformidad con el Reglamento de Aplicaci\u00f3n, creado bajo el Decreto No.130-05, de la Ley 200-04 en su<strong>\u00a0Art. 9:<\/strong><\/p>\n<p>\u00ab<em>Los Responsables de Acceso a la Informaci\u00f3n (RAI) ser\u00e1n personas con amplios y comprobables conocimientos sobre la estructura, organizaci\u00f3n, misi\u00f3n, funciones, actividades, procesos, documentaci\u00f3n e informaci\u00f3n general de su instituci\u00f3n, as\u00ed como sobre la legislaci\u00f3n relacionada con el derecho de acceso a la informaci\u00f3n, y tendr\u00e1n dedicaci\u00f3n exclusiva a las tareas encomendadas por esta norma<\/em>\u00ab.<\/p>\n<table style=\"height: 240px\" width=\"666\">\n<tbody>\n<tr>\n<td style=\"width: 656px\"><strong>\u00a0Contacto del RAI:<\/strong><\/p>\n<p><strong>\u00a0Nombre:<\/strong> NELLY YAJAIRA ORTEGA DE PADILLA<\/p>\n<p><strong>\u00a0N\u00famero Telef\u00f3nico:<\/strong> +1 (829) 316-4775<\/p>\n<p><strong>\u00a0Correo Electr\u00f3nico: <a href=\"mailto:info@ayuntamientolasterrenas.gob.do\">info@ayuntamientolasterrenas.gob.do<\/a><\/strong><\/td>\n<\/tr>\n<\/tbody>\n<\/table>\n<p class=\"paragraph ng-attr-widget\">\n","protected":false},"excerpt":{"rendered":"El RAI es el encargado del manejo de la Oficina de Acceso a la Informaci\u00f3n P\u00fablica de conformidad con el Reglamento de Aplicaci\u00f3n, creado bajo el Decreto No.130-05, de la Ley 200-04 en su\u00a0Art. 9: \u00abLos Responsables de Acceso a la Informaci\u00f3n (RAI) ser\u00e1n personas con amplios y comprobables conocimientos sobre la estructura, organizaci\u00f3n, misi\u00f3n,&#8230;","protected":false},"author":3,"featured_media":0,"parent":0,"menu_order":0,"comment_status":"closed","ping_status":"closed","template":"","meta":[],"acf":[],"_links":{"self":[{"href":"https:\/\/ayuntamientolasterrenas.gob.do\/transparencia\/wp-json\/wp\/v2\/pages\/258"}],"collection":[{"href":"https:\/\/ayuntamientolasterrenas.gob.do\/transparencia\/wp-json\/wp\/v2\/pages"}],"about":[{"href":"https:\/\/ayuntamientolasterrenas.gob.do\/transparencia\/wp-json\/wp\/v2\/types\/page"}],"author":[{"embeddable":true,"href":"https:\/\/ayuntamientolasterrenas.gob.do\/transparencia\/wp-json\/wp\/v2\/users\/3"}],"replies":[{"embeddable":true,"href":"https:\/\/ayuntamientolasterrenas.gob.do\/transparencia\/wp-json\/wp\/v2\/comments?post=258"}],"version-history":[{"count":5,"href":"https:\/\/ayuntamientolasterrenas.gob.do\/transparencia\/wp-json\/wp\/v2\/pages\/258\/revisions"}],"predecessor-version":[{"id":983,"href":"https:\/\/ayuntamientolasterrenas.gob.do\/transparencia\/wp-json\/wp\/v2\/pages\/258\/revisions\/983"}],"wp:attachment":[{"href":"https:\/\/ayuntamientolasterrenas.gob.do\/transparencia\/wp-json\/wp\/v2\/media?parent=258"}],"curies":[{"name":"wp","href":"https:\/\/api.w.org\/{rel}","templated":true}]}}